{"id":452,"date":"2024-08-12T04:49:01","date_gmt":"2024-08-12T04:49:01","guid":{"rendered":"https:\/\/mujeresaladas.com\/?page_id=452"},"modified":"2026-01-29T08:45:31","modified_gmt":"2026-01-29T15:45:31","slug":"convocatoriasaladas","status":"publish","type":"page","link":"https:\/\/mujeresaladas.com\/index.php\/convocatoriasaladas\/","title":{"rendered":"CONVOCATORIASALADAS"},"content":{"rendered":"\n<figure class=\"wp-block-image size-full\"><img loading=\"lazy\" decoding=\"async\" width=\"512\" height=\"512\" src=\"http:\/\/mujeresaladas.com\/wp-content\/uploads\/2024\/03\/cropped-portada1-scaled-1.jpg\" alt=\"\" class=\"wp-image-232\" srcset=\"https:\/\/mujeresaladas.com\/wp-content\/uploads\/2024\/03\/cropped-portada1-scaled-1.jpg 512w, https:\/\/mujeresaladas.com\/wp-content\/uploads\/2024\/03\/cropped-portada1-scaled-1-300x300.jpg 300w, https:\/\/mujeresaladas.com\/wp-content\/uploads\/2024\/03\/cropped-portada1-scaled-1-150x150.jpg 150w, https:\/\/mujeresaladas.com\/wp-content\/uploads\/2024\/03\/cropped-portada1-scaled-1-270x270.jpg 270w, https:\/\/mujeresaladas.com\/wp-content\/uploads\/2024\/03\/cropped-portada1-scaled-1-192x192.jpg 192w, https:\/\/mujeresaladas.com\/wp-content\/uploads\/2024\/03\/cropped-portada1-scaled-1-180x180.jpg 180w, https:\/\/mujeresaladas.com\/wp-content\/uploads\/2024\/03\/cropped-portada1-scaled-1-32x32.jpg 32w\" sizes=\"(max-width: 512px) 100vw, 512px\" \/><\/figure>\n\n\n\n<h2 class=\"wp-block-heading\">CONVOCATORIA GENERAL<\/h2>\n\n\n\n<p>Mujeresaladas, revista digital de difusi\u00f3n art\u00edstica, extiende su convocatoria permanente para la recepci\u00f3n de colaboraciones. Las autoras y artistas que deseen publicar en cualquiera de las secciones de la revista podr\u00e1n hacerlo bajo las siguientes bases:<\/p>\n\n\n\n<ol class=\"wp-block-list\">\n<li>Podr\u00e1n participar en esta convocatoria todas las mujeres cisg\u00e9nero, identidades femeninas no-binarias y transfeminidades, sin restricciones de edad, nacionalidad o trayectoria. Nuestro espacio est\u00e1 abierto para todas las voces femeninas que busquen expresarse de forma art\u00edstica.<\/li>\n\n\n\n<li>Las colaboraciones deber\u00e1n proponerse a trav\u00e9s del formulario \u201c<a href=\"https:\/\/docs.google.com\/forms\/d\/e\/1FAIpQLSeZ2aIYg7nqpWLgGoG0ysk7kyV3_WE54btbNDJLXeSkxj4PWg\/viewform\" target=\"_blank\" rel=\"noopener\" title=\"\">Convocatoria general permanente<\/a>\u201d. En caso de que la colaboraci\u00f3n no sea aceptada, la colectiva enviar\u00e1 la notificaci\u00f3n correspondiente.<\/li>\n\n\n\n<li>Para ser considerada, todas las colaboraciones deber\u00e1n ir acompa\u00f1adas de una fotograf\u00eda (formato .jpg), y una semblanza de hasta media cuartilla en la que la autora incluir\u00e1 los siguientes datos:\n<ol style=\"list-style-type:lower-alpha\" class=\"wp-block-list\">\n<li>Nombre de la autora, lugar y a\u00f1o de nacimiento.<\/li>\n\n\n\n<li>Estudios, publicaciones y exposiciones individuales o colectivas, as\u00ed como premios, becas o residencias que haya obtenido.\n<ol style=\"list-style-type:lower-roman\" class=\"wp-block-list\">\n<li>En caso de no contar con ellos, a la colectiva le interesa saber la ocupaci\u00f3n de las colaboradoras, sus gustos, pasatiempos y dem\u00e1s datos que quisiera compartir con nuestras lectoras.<\/li>\n<\/ol>\n<\/li>\n<\/ol>\n<\/li>\n\n\n\n<li>Todas las colaboraciones escritas deber\u00e1n ser enviadas en un archivo de Word o procesadores de texto equivalente, a doble espacio y letra Arial o Times New Roman a 12 puntos. Cada colaboradora podr\u00e1 participar las veces que lo desee, siempre y cuando cumpla con los par\u00e1metros de las siguientes secciones editoriales:\n<ol style=\"list-style-type:lower-alpha\" class=\"wp-block-list\">\n<li>Poes\u00eda: Uno o varios poemas de entre 1 a 3 cuartillas.<\/li>\n\n\n\n<li>Cuento: Un cuento entre 1 a 5 cuartillas.<\/li>\n\n\n\n<li>Teatro: Una pieza entre 1 a 6 cuartillas.<\/li>\n\n\n\n<li>Miscel\u00e1nea escrita:\n<ol style=\"list-style-type:lower-roman\" class=\"wp-block-list\">\n<li>Una pieza escrita de cualquier car\u00e1cter. Como ejemplo, la colectiva propone los textos pertenecientes al ensayo, carta, diario, recetario anotado o entrevista. Sin embargo, cualquier pieza escrita puede ser propuesta para esta secci\u00f3n.<\/li>\n\n\n\n<li>La extensi\u00f3n de la pieza debe ser entre 1 a 6 cuartillas.<\/li>\n<\/ol>\n<\/li>\n\n\n\n<li>Miscel\u00e1nea visual:\n<ol style=\"list-style-type:lower-roman\" class=\"wp-block-list\">\n<li>Entre una y tres fotograf\u00edas, dibujos, pinturas o grabados; en formato digital tipo .jpg o derivados, con una resoluci\u00f3n m\u00ednima de 300 DPIs.<\/li>\n\n\n\n<li>Cada digitalizaci\u00f3n (fotograf\u00eda de la obra) debe llevar anexa la siguiente informaci\u00f3n: t\u00edtulo, serie (si es el caso), t\u00e9cnica, medidas y a\u00f1o.<\/li>\n\n\n\n<li>A tomar en cuenta que cualquier trabajo no perteneciente a las t\u00e9cnicas mencionadas puede ser enviado para consideraci\u00f3n de la colectiva.<\/li>\n<\/ol>\n<\/li>\n<\/ol>\n<\/li>\n<\/ol>\n\n\n\n<p>Cualquier controversia con respecto a esta convocatoria ser\u00e1 examinada por la Conseja Editorial de <em>Mujeresaladas.<\/em><\/p>\n\n\n\n<h2 class=\"wp-block-heading\">CONVOCATORIA ARTISTASALADA<\/h2>\n\n\n\n<p>Esta secci\u00f3n ser\u00e1 dedicada exclusivamente a la artista seleccionada para el n\u00famero correspondiente. Los documentos correspondientes deber\u00e1n enviarse al correo de la revista (<a href=\"mailto:mujeresaladasmx@gmail.com\">mujeresaladasmx@gmail.com<\/a>) para ser consideradas en esta secci\u00f3n.&nbsp;<\/p>\n\n\n\n<p>Cada colaboraci\u00f3n art\u00edstica ser\u00e1 revisada por la colectiva <em>Mujeresaladas<\/em>. Si el fallo es favorable, la colectiva se comunicar\u00e1 con la autora para concretar detalles de la publicaci\u00f3n en el n\u00famero y suplementos que correspondan. En caso de que la colaboraci\u00f3n no sea aceptada, la colectiva enviar\u00e1 la notificaci\u00f3n correspondiente.<\/p>\n\n\n\n<p>Las colaboraciones art\u00edsticas deber\u00e1n cumplir con lo siguiente:<\/p>\n\n\n\n<ol class=\"wp-block-list\">\n<li>Enviar una reinterpretaci\u00f3n de la pintura <em>Mujeresaladas <\/em><strong>(Inserte link a la imagen del site) <\/strong>cuya digitalizaci\u00f3n ser\u00e1 la portada del n\u00famero y suplementos correspondientes.&nbsp;<\/li>\n\n\n\n<li>Contener entre 2 y 15 piezas digitalizadas. Con ello se busca representar fielmente la identidad y esencia art\u00edstica de la autora, y difundir su trabajo.<\/li>\n\n\n\n<li>Cada digitalizaci\u00f3n (fotograf\u00eda de la obra) debe llevar anexa la siguiente informaci\u00f3n: Serie (si es el caso), t\u00edtulo, t\u00e9cnica, medidas y a\u00f1o.<\/li>\n\n\n\n<li>Contestar el formato de entrevista para acompa\u00f1ar la exposici\u00f3n de su portafolio <strong>(Inserte link documento entrevista artistasalada).<\/strong><\/li>\n\n\n\n<li>Las digitalizaciones deber\u00e1n enviarse en formato tipo .jpg o derivados, con una resoluci\u00f3n m\u00ednima de 300 DPIs.<\/li>\n\n\n\n<li>Semblanza con los siguientes datos:\n<ol class=\"wp-block-list\">\n<li>Nombre de la autora, lugar y a\u00f1o de nacimiento.<\/li>\n\n\n\n<li>Estudios, publicaciones y exposiciones individuales o colectivas, as\u00ed como premios, becas o residencias que haya obtenido.\n<ol class=\"wp-block-list\">\n<li>En caso de no contar con ellos, a la colectiva le interesa saber la ocupaci\u00f3n de las colaboradoras, sus gustos, pasatiempos y dem\u00e1s datos que quisiera compartir con nuestras lectoras.&nbsp;<\/li>\n<\/ol>\n<\/li>\n<\/ol>\n<\/li>\n<\/ol>\n\n\n\n<p>Cualquier controversia con respecto a esta convocatoria ser\u00e1 examinada por la colectiva de <em>Mujeresaladas.<\/em><\/p>\n","protected":false},"excerpt":{"rendered":"<p>CONVOCATORIA GENERAL Mujeresaladas, revista digital de difusi\u00f3n art\u00edstica, extiende su convocatoria permanente para la recepci\u00f3n&#8230;<\/p>\n","protected":false},"author":1,"featured_media":0,"parent":0,"menu_order":0,"comment_status":"closed","ping_status":"closed","template":"","meta":{"footnotes":""},"class_list":["post-452","page","type-page","status-publish","hentry"],"aioseo_notices":[],"_links":{"self":[{"href":"https:\/\/mujeresaladas.com\/index.php\/wp-json\/wp\/v2\/pages\/452"}],"collection":[{"href":"https:\/\/mujeresaladas.com\/index.php\/wp-json\/wp\/v2\/pages"}],"about":[{"href":"https:\/\/mujeresaladas.com\/index.php\/wp-json\/wp\/v2\/types\/page"}],"author":[{"embeddable":true,"href":"https:\/\/mujeresaladas.com\/index.php\/wp-json\/wp\/v2\/users\/1"}],"replies":[{"embeddable":true,"href":"https:\/\/mujeresaladas.com\/index.php\/wp-json\/wp\/v2\/comments?post=452"}],"version-history":[{"count":3,"href":"https:\/\/mujeresaladas.com\/index.php\/wp-json\/wp\/v2\/pages\/452\/revisions"}],"predecessor-version":[{"id":1052,"href":"https:\/\/mujeresaladas.com\/index.php\/wp-json\/wp\/v2\/pages\/452\/revisions\/1052"}],"wp:attachment":[{"href":"https:\/\/mujeresaladas.com\/index.php\/wp-json\/wp\/v2\/media?parent=452"}],"curies":[{"name":"wp","href":"https:\/\/api.w.org\/{rel}","templated":true}]}}