{"id":446,"date":"2024-08-12T04:24:07","date_gmt":"2024-08-12T04:24:07","guid":{"rendered":"https:\/\/mujeresaladas.com\/?page_id=446"},"modified":"2026-04-08T08:30:01","modified_gmt":"2026-04-08T15:30:01","slug":"bienvenidas-a-mujeresaladas","status":"publish","type":"page","link":"https:\/\/mujeresaladas.com\/","title":{"rendered":"\u00a1La edici\u00f3n de abril 2026 de MUJERESALADAS ya est\u00e1 aqu\u00ed!"},"content":{"rendered":"\n<p class=\"has-text-align-center\"><div class=\"_df_book df-lite\" id=\"df_1067\"  _slug=\"\" data-title=\"mujeresaladas-25-abril-2026\" wpoptions=\"true\" thumbtype=\"\" ><\/div><script class=\"df-shortcode-script\" nowprocket type=\"application\/javascript\">window.option_df_1067 = {\"outline\":[],\"autoEnableOutline\":\"false\",\"autoEnableThumbnail\":\"false\",\"overwritePDFOutline\":\"false\",\"direction\":\"1\",\"pageSize\":\"0\",\"source\":\"http:\\\/\\\/mujeresaladas.com\\\/wp-content\\\/uploads\\\/2026\\\/04\\\/MUJERESALADAS-25-ABRIL-2026-V4-ok.pdf\",\"wpOptions\":\"true\"}; if(window.DFLIP && window.DFLIP.parseBooks){window.DFLIP.parseBooks();}<\/script><\/p>\n\n\n\n<p class=\"has-text-align-center\">Donde las voces femeninas vuelan alto y sin fronteras.<\/p>\n\n\n\n<p class=\"has-text-align-center\">En MUJERESALADAS celebramos la creatividad, el arte y la literatura desde la perspectiva \u00fanica de mujeres valientes y apasionadas. Nuestro espacio es un refugio para ideas poderosas y relatos que desaf\u00edan las normas, escritos por mujeres que se atreven a so\u00f1ar, explorar y romper esquemas.<\/p>\n\n\n\n<p class=\"has-text-align-center\"><strong>\u00danete a nuestra comunidad<\/strong> y descubre un mundo donde la palabra femenina toma protagonismo, inspirando y transformando a cada paso.<\/p>\n","protected":false},"excerpt":{"rendered":"<p>Donde las voces femeninas vuelan alto y sin fronteras. En MUJERESALADAS celebramos la creatividad, el&#8230;<\/p>\n","protected":false},"author":1,"featured_media":0,"parent":0,"menu_order":0,"comment_status":"closed","ping_status":"closed","template":"","meta":{"footnotes":""},"class_list":["post-446","page","type-page","status-publish","hentry"],"aioseo_notices":[],"_links":{"self":[{"href":"https:\/\/mujeresaladas.com\/index.php\/wp-json\/wp\/v2\/pages\/446"}],"collection":[{"href":"https:\/\/mujeresaladas.com\/index.php\/wp-json\/wp\/v2\/pages"}],"about":[{"href":"https:\/\/mujeresaladas.com\/index.php\/wp-json\/wp\/v2\/types\/page"}],"author":[{"embeddable":true,"href":"https:\/\/mujeresaladas.com\/index.php\/wp-json\/wp\/v2\/users\/1"}],"replies":[{"embeddable":true,"href":"https:\/\/mujeresaladas.com\/index.php\/wp-json\/wp\/v2\/comments?post=446"}],"version-history":[{"count":26,"href":"https:\/\/mujeresaladas.com\/index.php\/wp-json\/wp\/v2\/pages\/446\/revisions"}],"predecessor-version":[{"id":1074,"href":"https:\/\/mujeresaladas.com\/index.php\/wp-json\/wp\/v2\/pages\/446\/revisions\/1074"}],"wp:attachment":[{"href":"https:\/\/mujeresaladas.com\/index.php\/wp-json\/wp\/v2\/media?parent=446"}],"curies":[{"name":"wp","href":"https:\/\/api.w.org\/{rel}","templated":true}]}}